{"id":19456,"date":"2020-06-19T10:36:49","date_gmt":"2020-06-19T10:36:49","guid":{"rendered":"http:\/\/aristidenajean.ch\/video\/"},"modified":"2022-04-12T16:25:52","modified_gmt":"2022-04-12T16:25:52","slug":"video","status":"publish","type":"page","link":"https:\/\/aristidenajean.ch\/fr\/video\/","title":{"rendered":"Video"},"content":{"rendered":"\n<div class=\"wp-block-cover is-light has-parallax\" style=\"background-image:url(https:\/\/aristidenajean.ch\/wp-content\/uploads\/2017\/06\/n2.jpg);min-height:45vh;aspect-ratio:unset;\"><span aria-hidden=\"true\" class=\"has-background-dim-30 wp-block-cover__gradient-background has-background-dim\"><\/span><div class=\"wp-block-cover__inner-container is-layout-flow wp-block-cover-is-layout-flow\">\n<p class=\"has-drop-cap has-white-color has-text-color has-large-font-size\">Video<\/p>\n<\/div><\/div>\n\n\n\n<div class=\"wp-block-columns is-layout-flex wp-container-core-columns-is-layout-9d6595d7 wp-block-columns-is-layout-flex\">\n<div class=\"wp-block-column is-layout-flow wp-block-column-is-layout-flow\" style=\"flex-basis:25%\"><\/div>\n\n\n\n<div class=\"wp-block-column is-layout-flow wp-block-column-is-layout-flow\" style=\"flex-basis:50%\">\n<div class=\"wp-block-query is-layout-flow wp-block-query-is-layout-flow\"><ul class=\"wp-block-post-template is-layout-flow wp-block-post-template-is-layout-flow\"><li class=\"wp-block-post post-19904 post type-post status-publish format-video has-post-thumbnail hentry category-video-fr post_format-post-format-video\">\n\n<div class=\"wp-block-columns is-layout-flex wp-container-core-columns-is-layout-9d6595d7 wp-block-columns-is-layout-flex\">\n<div class=\"wp-block-column is-layout-flow wp-block-column-is-layout-flow\" style=\"flex-basis:100%\">\n<div class=\"wp-block-group\"><div class=\"wp-block-group__inner-container is-layout-flow wp-block-group-is-layout-flow\"><h2 class=\"wp-block-post-title\"><a href=\"https:\/\/aristidenajean.ch\/fr\/bouquet-de-la-mariee\/\" target=\"_self\" >Bouquet de la Mari\u00e9e\u00a0<\/a><\/h2><\/div><\/div>\n<\/div>\n<\/div>\n\n\n<figure class=\"alignwide wp-block-post-featured-image\"><a href=\"https:\/\/aristidenajean.ch\/fr\/bouquet-de-la-mariee\/\" target=\"_self\"  ><img loading=\"lazy\" decoding=\"async\" width=\"1573\" height=\"1130\" src=\"https:\/\/aristidenajean.ch\/wp-content\/uploads\/2023\/07\/Uerlain-Paris.png\" class=\"attachment-post-thumbnail size-post-thumbnail wp-post-image\" alt=\"Bouquet de la Mari\u00e9e\u00a0\" style=\"object-fit:cover;\" srcset=\"https:\/\/aristidenajean.ch\/wp-content\/uploads\/2023\/07\/Uerlain-Paris.png 1573w, https:\/\/aristidenajean.ch\/wp-content\/uploads\/2023\/07\/Uerlain-Paris-300x216.png 300w, https:\/\/aristidenajean.ch\/wp-content\/uploads\/2023\/07\/Uerlain-Paris-1024x736.png 1024w, https:\/\/aristidenajean.ch\/wp-content\/uploads\/2023\/07\/Uerlain-Paris-768x552.png 768w, https:\/\/aristidenajean.ch\/wp-content\/uploads\/2023\/07\/Uerlain-Paris-1536x1103.png 1536w\" sizes=\"auto, (max-width: 1573px) 100vw, 1573px\" \/><\/a><\/figure>\n\n\n<hr class=\"wp-block-separator\"\/>\n\n<\/li><li class=\"wp-block-post post-19922 post type-post status-publish format-standard has-post-thumbnail hentry category-video-fr\">\n\n<div class=\"wp-block-columns is-layout-flex wp-container-core-columns-is-layout-9d6595d7 wp-block-columns-is-layout-flex\">\n<div class=\"wp-block-column is-layout-flow wp-block-column-is-layout-flow\" style=\"flex-basis:100%\">\n<div class=\"wp-block-group\"><div class=\"wp-block-group__inner-container is-layout-flow wp-block-group-is-layout-flow\"><h2 class=\"wp-block-post-title\"><a href=\"https:\/\/aristidenajean.ch\/fr\/les-celebres-verreries-de-murano-comptent-un-artiste-verrier-de-chateau-d-oex\/\" target=\"_self\" >Les c\u00e9l\u00e8bres verreries de Murano comptent un artiste verrier de Ch\u00e2teau-d\u2019Oex<\/a><\/h2><\/div><\/div>\n<\/div>\n<\/div>\n\n\n<figure class=\"alignwide wp-block-post-featured-image\"><a href=\"https:\/\/aristidenajean.ch\/fr\/les-celebres-verreries-de-murano-comptent-un-artiste-verrier-de-chateau-d-oex\/\" target=\"_self\"  ><img loading=\"lazy\" decoding=\"async\" width=\"1576\" height=\"1068\" src=\"https:\/\/aristidenajean.ch\/wp-content\/uploads\/2023\/07\/La-RTS.png\" class=\"attachment-post-thumbnail size-post-thumbnail wp-post-image\" alt=\"Les c\u00e9l\u00e8bres verreries de Murano comptent un artiste verrier de Ch\u00e2teau-d\u2019Oex\" style=\"object-fit:cover;\" srcset=\"https:\/\/aristidenajean.ch\/wp-content\/uploads\/2023\/07\/La-RTS.png 1576w, https:\/\/aristidenajean.ch\/wp-content\/uploads\/2023\/07\/La-RTS-300x203.png 300w, https:\/\/aristidenajean.ch\/wp-content\/uploads\/2023\/07\/La-RTS-1024x694.png 1024w, https:\/\/aristidenajean.ch\/wp-content\/uploads\/2023\/07\/La-RTS-768x520.png 768w, https:\/\/aristidenajean.ch\/wp-content\/uploads\/2023\/07\/La-RTS-1536x1041.png 1536w\" sizes=\"auto, (max-width: 1576px) 100vw, 1576px\" \/><\/a><\/figure>\n\n\n<hr class=\"wp-block-separator\"\/>\n\n<\/li><li class=\"wp-block-post post-19807 post type-post status-publish format-video has-post-thumbnail hentry category-video-fr post_format-post-format-video\">\n\n<div class=\"wp-block-columns is-layout-flex wp-container-core-columns-is-layout-9d6595d7 wp-block-columns-is-layout-flex\">\n<div class=\"wp-block-column is-layout-flow wp-block-column-is-layout-flow\" style=\"flex-basis:100%\">\n<div class=\"wp-block-group\"><div class=\"wp-block-group__inner-container is-layout-flow wp-block-group-is-layout-flow\"><h2 class=\"wp-block-post-title\"><a href=\"https:\/\/aristidenajean.ch\/fr\/les-secrets-du-maitre-verrier\/\" target=\"_self\" >Les secrets du ma\u00eetre-verrier\u00a0<\/a><\/h2><\/div><\/div>\n<\/div>\n<\/div>\n\n\n<figure class=\"alignwide wp-block-post-featured-image\"><a href=\"https:\/\/aristidenajean.ch\/fr\/les-secrets-du-maitre-verrier\/\" target=\"_self\"  ><img loading=\"lazy\" decoding=\"async\" width=\"1536\" height=\"647\" src=\"https:\/\/aristidenajean.ch\/wp-content\/uploads\/2022\/12\/a_grand_luxory_original_documentary.jpg\" class=\"attachment-post-thumbnail size-post-thumbnail wp-post-image\" alt=\"Les secrets du ma\u00eetre-verrier\u00a0\" style=\"object-fit:cover;\" srcset=\"https:\/\/aristidenajean.ch\/wp-content\/uploads\/2022\/12\/a_grand_luxory_original_documentary.jpg 1536w, https:\/\/aristidenajean.ch\/wp-content\/uploads\/2022\/12\/a_grand_luxory_original_documentary-300x126.jpg 300w, https:\/\/aristidenajean.ch\/wp-content\/uploads\/2022\/12\/a_grand_luxory_original_documentary-1024x431.jpg 1024w, https:\/\/aristidenajean.ch\/wp-content\/uploads\/2022\/12\/a_grand_luxory_original_documentary-768x324.jpg 768w, https:\/\/aristidenajean.ch\/wp-content\/uploads\/2022\/12\/a_grand_luxory_original_documentary-590x249.jpg 590w\" sizes=\"auto, (max-width: 1536px) 100vw, 1536px\" \/><\/a><\/figure>\n\n\n<hr class=\"wp-block-separator\"\/>\n\n<\/li><li class=\"wp-block-post post-19722 post type-post status-publish format-video has-post-thumbnail hentry category-video-fr post_format-post-format-video\">\n\n<div class=\"wp-block-columns is-layout-flex wp-container-core-columns-is-layout-9d6595d7 wp-block-columns-is-layout-flex\">\n<div class=\"wp-block-column is-layout-flow wp-block-column-is-layout-flow\" style=\"flex-basis:100%\">\n<div class=\"wp-block-group\"><div class=\"wp-block-group__inner-container is-layout-flow wp-block-group-is-layout-flow\"><h2 class=\"wp-block-post-title\"><a href=\"https:\/\/aristidenajean.ch\/fr\/la-magie-de-noel-de-venise\/\" target=\"_self\" >La magie de No\u00ebl de\u00a0Venise<\/a><\/h2><\/div><\/div>\n<\/div>\n<\/div>\n\n\n<figure class=\"alignwide wp-block-post-featured-image\"><a href=\"https:\/\/aristidenajean.ch\/fr\/la-magie-de-noel-de-venise\/\" target=\"_self\"  ><img loading=\"lazy\" decoding=\"async\" width=\"1920\" height=\"1080\" src=\"https:\/\/aristidenajean.ch\/wp-content\/uploads\/2022\/04\/VENISE_ARISTIDE_NAJEAN.jpg\" class=\"attachment-post-thumbnail size-post-thumbnail wp-post-image\" alt=\"La magie de No\u00ebl de\u00a0Venise\" style=\"object-fit:cover;\" srcset=\"https:\/\/aristidenajean.ch\/wp-content\/uploads\/2022\/04\/VENISE_ARISTIDE_NAJEAN.jpg 1920w, https:\/\/aristidenajean.ch\/wp-content\/uploads\/2022\/04\/VENISE_ARISTIDE_NAJEAN-300x169.jpg 300w, https:\/\/aristidenajean.ch\/wp-content\/uploads\/2022\/04\/VENISE_ARISTIDE_NAJEAN-1024x576.jpg 1024w, https:\/\/aristidenajean.ch\/wp-content\/uploads\/2022\/04\/VENISE_ARISTIDE_NAJEAN-768x432.jpg 768w, https:\/\/aristidenajean.ch\/wp-content\/uploads\/2022\/04\/VENISE_ARISTIDE_NAJEAN-1536x864.jpg 1536w, https:\/\/aristidenajean.ch\/wp-content\/uploads\/2022\/04\/VENISE_ARISTIDE_NAJEAN-590x332.jpg 590w\" sizes=\"auto, (max-width: 1920px) 100vw, 1920px\" \/><\/a><\/figure>\n\n\n<hr class=\"wp-block-separator\"\/>\n\n<\/li><li class=\"wp-block-post post-19523 post type-post status-publish format-video has-post-thumbnail hentry category-video-fr post_format-post-format-video\">\n\n<div class=\"wp-block-columns is-layout-flex wp-container-core-columns-is-layout-9d6595d7 wp-block-columns-is-layout-flex\">\n<div class=\"wp-block-column is-layout-flow wp-block-column-is-layout-flow\" style=\"flex-basis:100%\">\n<div class=\"wp-block-group\"><div class=\"wp-block-group__inner-container is-layout-flow wp-block-group-is-layout-flow\"><h2 class=\"wp-block-post-title\"><a href=\"https:\/\/aristidenajean.ch\/fr\/tf1-grands-reportages\/\" target=\"_self\" >TF1 &#8211; Grands Reportages<\/a><\/h2><\/div><\/div>\n<\/div>\n<\/div>\n\n\n<figure class=\"alignwide wp-block-post-featured-image\"><a href=\"https:\/\/aristidenajean.ch\/fr\/tf1-grands-reportages\/\" target=\"_self\"  ><img loading=\"lazy\" decoding=\"async\" width=\"854\" height=\"476\" src=\"https:\/\/aristidenajean.ch\/wp-content\/uploads\/2021\/01\/Aristide-Najean-TF1-\u2013-Grands-Reportages.png\" class=\"attachment-post-thumbnail size-post-thumbnail wp-post-image\" alt=\"TF1 &#8211; Grands Reportages\" style=\"object-fit:cover;\" srcset=\"https:\/\/aristidenajean.ch\/wp-content\/uploads\/2021\/01\/Aristide-Najean-TF1-\u2013-Grands-Reportages.png 854w, https:\/\/aristidenajean.ch\/wp-content\/uploads\/2021\/01\/Aristide-Najean-TF1-\u2013-Grands-Reportages-300x167.png 300w, https:\/\/aristidenajean.ch\/wp-content\/uploads\/2021\/01\/Aristide-Najean-TF1-\u2013-Grands-Reportages-768x428.png 768w, https:\/\/aristidenajean.ch\/wp-content\/uploads\/2021\/01\/Aristide-Najean-TF1-\u2013-Grands-Reportages-590x329.png 590w\" sizes=\"auto, (max-width: 854px) 100vw, 854px\" \/><\/a><\/figure>\n\n\n<hr class=\"wp-block-separator\"\/>\n\n<\/li><li class=\"wp-block-post post-19459 post type-post status-publish format-video has-post-thumbnail hentry category-video-fr post_format-post-format-video\">\n\n<div class=\"wp-block-columns is-layout-flex wp-container-core-columns-is-layout-9d6595d7 wp-block-columns-is-layout-flex\">\n<div class=\"wp-block-column is-layout-flow wp-block-column-is-layout-flow\" style=\"flex-basis:100%\">\n<div class=\"wp-block-group\"><div class=\"wp-block-group__inner-container is-layout-flow wp-block-group-is-layout-flow\"><h2 class=\"wp-block-post-title\"><a href=\"https:\/\/aristidenajean.ch\/fr\/tf1-aristide-najean-un-artista-vetraio-venezia\/\" target=\"_self\" >TF1 &#8211; Aristide Najean: un artiste verrier \u00e0 Venise<\/a><\/h2><\/div><\/div>\n<\/div>\n<\/div>\n\n\n<figure class=\"alignwide wp-block-post-featured-image\"><a href=\"https:\/\/aristidenajean.ch\/fr\/tf1-aristide-najean-un-artista-vetraio-venezia\/\" target=\"_self\"  ><img loading=\"lazy\" decoding=\"async\" width=\"1700\" height=\"933\" src=\"https:\/\/aristidenajean.ch\/wp-content\/uploads\/2020\/06\/Aristide-Najean-TF1-\u2013-artista-vetraio-a-Venezia.png\" class=\"attachment-post-thumbnail size-post-thumbnail wp-post-image\" alt=\"TF1 &#8211; Aristide Najean: un artiste verrier \u00e0 Venise\" style=\"object-fit:cover;\" srcset=\"https:\/\/aristidenajean.ch\/wp-content\/uploads\/2020\/06\/Aristide-Najean-TF1-\u2013-artista-vetraio-a-Venezia.png 1700w, https:\/\/aristidenajean.ch\/wp-content\/uploads\/2020\/06\/Aristide-Najean-TF1-\u2013-artista-vetraio-a-Venezia-300x165.png 300w, https:\/\/aristidenajean.ch\/wp-content\/uploads\/2020\/06\/Aristide-Najean-TF1-\u2013-artista-vetraio-a-Venezia-1024x562.png 1024w, https:\/\/aristidenajean.ch\/wp-content\/uploads\/2020\/06\/Aristide-Najean-TF1-\u2013-artista-vetraio-a-Venezia-768x421.png 768w, https:\/\/aristidenajean.ch\/wp-content\/uploads\/2020\/06\/Aristide-Najean-TF1-\u2013-artista-vetraio-a-Venezia-1536x843.png 1536w, https:\/\/aristidenajean.ch\/wp-content\/uploads\/2020\/06\/Aristide-Najean-TF1-\u2013-artista-vetraio-a-Venezia-590x324.png 590w\" sizes=\"auto, (max-width: 1700px) 100vw, 1700px\" \/><\/a><\/figure>\n\n\n<hr class=\"wp-block-separator\"\/>\n\n<\/li><\/ul><\/div>\n<\/div>\n\n\n\n<div class=\"wp-block-column is-layout-flow wp-block-column-is-layout-flow\" style=\"flex-basis:25%\"><\/div>\n<\/div>\n","protected":false},"excerpt":{"rendered":"Video","protected":false},"author":2,"featured_media":0,"parent":0,"menu_order":0,"comment_status":"closed","ping_status":"closed","template":"page-custom.php","meta":{"_acf_changed":false,"footnotes":""},"class_list":["post-19456","page","type-page","status-publish","hentry"],"acf":[],"yoast_head":"<!-- This site is optimized with the Yoast SEO plugin v27.3 - https:\/\/yoast.com\/product\/yoast-seo-wordpress\/ -->\n<title>Video - Aristide Najean<\/title>\n<meta name=\"robots\" content=\"index, follow, max-snippet:-1, max-image-preview:large, max-video-preview:-1\" \/>\n<link rel=\"canonical\" href=\"https:\/\/aristidenajean.ch\/video\/\" \/>\n<meta property=\"og:locale\" content=\"fr_FR\" \/>\n<meta property=\"og:type\" content=\"article\" \/>\n<meta property=\"og:title\" content=\"Video - Aristide Najean\" \/>\n<meta property=\"og:url\" content=\"https:\/\/aristidenajean.ch\/video\/\" \/>\n<meta property=\"og:site_name\" content=\"Aristide Najean\" \/>\n<meta property=\"article:modified_time\" content=\"2022-04-12T16:25:52+00:00\" \/>\n<meta name=\"twitter:card\" content=\"summary_large_image\" \/>\n<script type=\"application\/ld+json\" class=\"yoast-schema-graph\">{\"@context\":\"https:\\\/\\\/schema.org\",\"@graph\":[{\"@type\":\"WebPage\",\"@id\":\"https:\\\/\\\/aristidenajean.ch\\\/video\\\/\",\"url\":\"https:\\\/\\\/aristidenajean.ch\\\/video\\\/\",\"name\":\"Video - Aristide Najean\",\"isPartOf\":{\"@id\":\"https:\\\/\\\/aristidenajean.ch\\\/#website\"},\"datePublished\":\"2020-06-19T10:36:49+00:00\",\"dateModified\":\"2022-04-12T16:25:52+00:00\",\"breadcrumb\":{\"@id\":\"https:\\\/\\\/aristidenajean.ch\\\/video\\\/#breadcrumb\"},\"inLanguage\":\"fr-FR\",\"potentialAction\":[{\"@type\":\"ReadAction\",\"target\":[\"https:\\\/\\\/aristidenajean.ch\\\/video\\\/\"]}]},{\"@type\":\"BreadcrumbList\",\"@id\":\"https:\\\/\\\/aristidenajean.ch\\\/video\\\/#breadcrumb\",\"itemListElement\":[{\"@type\":\"ListItem\",\"position\":1,\"name\":\"Home\",\"item\":\"https:\\\/\\\/aristidenajean.ch\\\/home\\\/\"},{\"@type\":\"ListItem\",\"position\":2,\"name\":\"Video\"}]},{\"@type\":\"WebSite\",\"@id\":\"https:\\\/\\\/aristidenajean.ch\\\/#website\",\"url\":\"https:\\\/\\\/aristidenajean.ch\\\/\",\"name\":\"Aristide Najean\",\"description\":\"L&#039;Arte del vetro a Murano\",\"potentialAction\":[{\"@type\":\"SearchAction\",\"target\":{\"@type\":\"EntryPoint\",\"urlTemplate\":\"https:\\\/\\\/aristidenajean.ch\\\/?s={search_term_string}\"},\"query-input\":{\"@type\":\"PropertyValueSpecification\",\"valueRequired\":true,\"valueName\":\"search_term_string\"}}],\"inLanguage\":\"fr-FR\"}]}<\/script>\n<!-- \/ Yoast SEO plugin. -->","yoast_head_json":{"title":"Video - Aristide Najean","robots":{"index":"index","follow":"follow","max-snippet":"max-snippet:-1","max-image-preview":"max-image-preview:large","max-video-preview":"max-video-preview:-1"},"canonical":"https:\/\/aristidenajean.ch\/video\/","og_locale":"fr_FR","og_type":"article","og_title":"Video - Aristide Najean","og_url":"https:\/\/aristidenajean.ch\/video\/","og_site_name":"Aristide Najean","article_modified_time":"2022-04-12T16:25:52+00:00","twitter_card":"summary_large_image","schema":{"@context":"https:\/\/schema.org","@graph":[{"@type":"WebPage","@id":"https:\/\/aristidenajean.ch\/video\/","url":"https:\/\/aristidenajean.ch\/video\/","name":"Video - Aristide Najean","isPartOf":{"@id":"https:\/\/aristidenajean.ch\/#website"},"datePublished":"2020-06-19T10:36:49+00:00","dateModified":"2022-04-12T16:25:52+00:00","breadcrumb":{"@id":"https:\/\/aristidenajean.ch\/video\/#breadcrumb"},"inLanguage":"fr-FR","potentialAction":[{"@type":"ReadAction","target":["https:\/\/aristidenajean.ch\/video\/"]}]},{"@type":"BreadcrumbList","@id":"https:\/\/aristidenajean.ch\/video\/#breadcrumb","itemListElement":[{"@type":"ListItem","position":1,"name":"Home","item":"https:\/\/aristidenajean.ch\/home\/"},{"@type":"ListItem","position":2,"name":"Video"}]},{"@type":"WebSite","@id":"https:\/\/aristidenajean.ch\/#website","url":"https:\/\/aristidenajean.ch\/","name":"Aristide Najean","description":"L&#039;Arte del vetro a Murano","potentialAction":[{"@type":"SearchAction","target":{"@type":"EntryPoint","urlTemplate":"https:\/\/aristidenajean.ch\/?s={search_term_string}"},"query-input":{"@type":"PropertyValueSpecification","valueRequired":true,"valueName":"search_term_string"}}],"inLanguage":"fr-FR"}]}},"_links":{"self":[{"href":"https:\/\/aristidenajean.ch\/fr\/wp-json\/wp\/v2\/pages\/19456","targetHints":{"allow":["GET"]}}],"collection":[{"href":"https:\/\/aristidenajean.ch\/fr\/wp-json\/wp\/v2\/pages"}],"about":[{"href":"https:\/\/aristidenajean.ch\/fr\/wp-json\/wp\/v2\/types\/page"}],"author":[{"embeddable":true,"href":"https:\/\/aristidenajean.ch\/fr\/wp-json\/wp\/v2\/users\/2"}],"replies":[{"embeddable":true,"href":"https:\/\/aristidenajean.ch\/fr\/wp-json\/wp\/v2\/comments?post=19456"}],"version-history":[{"count":5,"href":"https:\/\/aristidenajean.ch\/fr\/wp-json\/wp\/v2\/pages\/19456\/revisions"}],"predecessor-version":[{"id":19806,"href":"https:\/\/aristidenajean.ch\/fr\/wp-json\/wp\/v2\/pages\/19456\/revisions\/19806"}],"wp:attachment":[{"href":"https:\/\/aristidenajean.ch\/fr\/wp-json\/wp\/v2\/media?parent=19456"}],"curies":[{"name":"wp","href":"https:\/\/api.w.org\/{rel}","templated":true}]}}